{"id":423,"date":"2022-01-04T21:24:13","date_gmt":"2022-01-04T20:24:13","guid":{"rendered":"https:\/\/leslodgesdeauze.com\/?page_id=423"},"modified":"2025-08-11T10:36:16","modified_gmt":"2025-08-11T08:36:16","slug":"offre-package-golf","status":"publish","type":"page","link":"https:\/\/leslodgesdeauze.com\/index.php\/offre-package-golf\/","title":{"rendered":"OFFRE PACKAGE GOLF"},"content":{"rendered":"<p>[et_pb_section fb_built=\u00a0\u00bb1&Prime; admin_label=\u00a0\u00bbHeader\u00a0\u00bb _builder_version=\u00a0\u00bb4.16&Prime; use_background_color_gradient=\u00a0\u00bbon\u00a0\u00bb background_color_gradient_type=\u00a0\u00bbcircular\u00a0\u00bb background_color_gradient_direction_radial=\u00a0\u00bbtop left\u00a0\u00bb background_color_gradient_stops=\u00a0\u00bbrgba(255,255,255,0.89) 30%|rgba(255,255,255,0) 80%\u00a0\u00bb background_color_gradient_start=\u00a0\u00bbrgba(255,255,255,0.89)\u00a0\u00bb background_color_gradient_start_position=\u00a0\u00bb30%\u00a0\u00bb background_color_gradient_end=\u00a0\u00bbrgba(255,255,255,0)\u00a0\u00bb background_color_gradient_end_position=\u00a0\u00bb80%\u00a0\u00bb background_image=\u00a0\u00bbhttps:\/\/leslodgesdeauze.com\/wp-content\/uploads\/2021\/05\/20210525_104441-scaled.jpg\u00a0\u00bb parallax=\u00a0\u00bbon\u00a0\u00bb min_height=\u00a0\u00bb170px\u00a0\u00bb height=\u00a0\u00bb842px\u00a0\u00bb max_height=\u00a0\u00bb561px\u00a0\u00bb custom_margin=\u00a0\u00bb5px||||false|false\u00a0\u00bb custom_padding=\u00a0\u00bb1vw|0px|0|0px|false|false\u00a0\u00bb global_colors_info=\u00a0\u00bb{}\u00a0\u00bb][et_pb_row _builder_version=\u00a0\u00bb4.16&Prime; custom_margin=\u00a0\u00bb0px|||0px|false|false\u00a0\u00bb custom_padding=\u00a0\u00bb|||0px|false|false\u00a0\u00bb global_colors_info=\u00a0\u00bb{}\u00a0\u00bb][et_pb_column type=\u00a0\u00bb4_4&Prime; _builder_version=\u00a0\u00bb4.16&Prime; custom_padding=\u00a0\u00bb|||\u00a0\u00bb global_colors_info=\u00a0\u00bb{}\u00a0\u00bb custom_padding__hover=\u00a0\u00bb|||\u00a0\u00bb][et_pb_text _builder_version=\u00a0\u00bb4.16&Prime; text_font=\u00a0\u00bb||||||||\u00a0\u00bb header_font=\u00a0\u00bbRaleway|700|||||||\u00a0\u00bb header_font_size=\u00a0\u00bb80px\u00a0\u00bb header_line_height=\u00a0\u00bb1.2em\u00a0\u00bb header_5_font=\u00a0\u00bbRaleway|700||on|||||\u00a0\u00bb header_5_text_color=\u00a0\u00bb#000000&Prime; header_5_font_size=\u00a0\u00bb20px\u00a0\u00bb header_5_letter_spacing=\u00a0\u00bb0.5em\u00a0\u00bb header_5_line_height=\u00a0\u00bb1.8em\u00a0\u00bb custom_padding=\u00a0\u00bb276px||||false|false\u00a0\u00bb animation_style=\u00a0\u00bbzoom\u00a0\u00bb animation_intensity_zoom=\u00a0\u00bb5%\u00a0\u00bb header_font_size_tablet=\u00a0\u00bb48px\u00a0\u00bb header_font_size_phone=\u00a0\u00bb32px\u00a0\u00bb header_font_size_last_edited=\u00a0\u00bbon|phone\u00a0\u00bb header_5_font_size_tablet=\u00a0\u00bb14px\u00a0\u00bb header_5_font_size_phone=\u00a0\u00bb12px\u00a0\u00bb header_5_font_size_last_edited=\u00a0\u00bbon|desktop\u00a0\u00bb header_text_shadow_style=\u00a0\u00bbpreset5&Prime; header_text_shadow_horizontal_length=\u00a0\u00bb0.05em\u00a0\u00bb header_text_shadow_blur_strength=\u00a0\u00bb0.04em\u00a0\u00bb header_text_shadow_color=\u00a0\u00bb#FFFFFF\u00a0\u00bb global_colors_info=\u00a0\u00bb{}\u00a0\u00bb]<\/p>\n<h1 style=\"padding-left: 40px;\">VOTRE SEJOUR<\/h1>\n<h1 style=\"padding-left: 40px;\">\u00e0 800m du GOLF\u00a0<\/h1>\n<p>[\/et_pb_text][\/et_pb_column][\/et_pb_row][\/et_pb_section][et_pb_section fb_built=\u00a0\u00bb1&Prime; admin_label=\u00a0\u00bbRooms\u00a0\u00bb _builder_version=\u00a0\u00bb4.16&Prime; background_position=\u00a0\u00bbcenter_right\u00a0\u00bb width=\u00a0\u00bb95%\u00a0\u00bb max_width=\u00a0\u00bb95%\u00a0\u00bb min_height=\u00a0\u00bb220px\u00a0\u00bb custom_margin=\u00a0\u00bb0px|0px|0px|0px|true|false\u00a0\u00bb custom_padding=\u00a0\u00bb30px|||||\u00a0\u00bb global_colors_info=\u00a0\u00bb{}\u00a0\u00bb][et_pb_row column_structure=\u00a0\u00bb1_3,1_3,1_3&Prime; use_custom_gutter=\u00a0\u00bbon\u00a0\u00bb _builder_version=\u00a0\u00bb4.16&Prime; width=\u00a0\u00bb95%\u00a0\u00bb max_width=\u00a0\u00bb2374px\u00a0\u00bb module_alignment=\u00a0\u00bbright\u00a0\u00bb custom_margin=\u00a0\u00bb13px|0px|||false|false\u00a0\u00bb custom_padding=\u00a0\u00bb|||0px|false|false\u00a0\u00bb border_width_all=\u00a0\u00bb20px\u00a0\u00bb border_color_all=\u00a0\u00bb#efefef\u00a0\u00bb border_style_all=\u00a0\u00bbdotted\u00a0\u00bb border_width_top=\u00a0\u00bb2px\u00a0\u00bb global_colors_info=\u00a0\u00bb{}\u00a0\u00bb][et_pb_column type=\u00a0\u00bb1_3&Prime; _builder_version=\u00a0\u00bb4.16&Prime; _module_preset=\u00a0\u00bbdefault\u00a0\u00bb custom_padding=\u00a0\u00bb|0px|||false|false\u00a0\u00bb global_colors_info=\u00a0\u00bb{}\u00a0\u00bb][et_pb_image src=\u00a0\u00bbhttps:\/\/leslodgesdeauze.com\/wp-content\/uploads\/2022\/01\/pack-sejour-golf.png\u00a0\u00bb title_text=\u00a0\u00bbpack s\u00e9jour golf\u00a0\u00bb show_bottom_space=\u00a0\u00bboff\u00a0\u00bb align=\u00a0\u00bbcenter\u00a0\u00bb _builder_version=\u00a0\u00bb4.16&Prime; _module_preset=\u00a0\u00bbdefault\u00a0\u00bb custom_margin=\u00a0\u00bb|||14px|false|false\u00a0\u00bb border_style_all=\u00a0\u00bbdotted\u00a0\u00bb global_colors_info=\u00a0\u00bb{}\u00a0\u00bb][\/et_pb_image][\/et_pb_column][et_pb_column type=\u00a0\u00bb1_3&Prime; _builder_version=\u00a0\u00bb4.16&Prime; custom_padding=\u00a0\u00bb|||\u00a0\u00bb global_colors_info=\u00a0\u00bb{}\u00a0\u00bb custom_padding__hover=\u00a0\u00bb|||\u00a0\u00bb][et_pb_text _builder_version=\u00a0\u00bb4.16&Prime; _module_preset=\u00a0\u00bbdefault\u00a0\u00bb text_font=\u00a0\u00bbABeeZee||||||||\u00a0\u00bb custom_margin=\u00a0\u00bb0px||||false|false\u00a0\u00bb custom_padding=\u00a0\u00bb0px||||false|false\u00a0\u00bb global_colors_info=\u00a0\u00bb{}\u00a0\u00bb]<\/p>\n<h3 style=\"text-align: center;\"><em>Le Golf d&rsquo;Eauze, 18 trous, dessin\u00e9 par Jean Larrouy son cr\u00e9ateur, en pleine campagne du Gers, proche des Landes, est un parcours tr\u00e8s diversifi\u00e9, vallonn\u00e9 entre pins et ch\u00eanes, dans un cadre naturel somptueux avec vue sur la cha\u00eene des Pyr\u00e9n\u00e9es. C&rsquo;est un parcours qui allie plaisir, difficult\u00e9 et strat\u00e9gie pour des golfeurs de loisirs ou de comp\u00e9tition. C&rsquo;est un club tr\u00e8s convivial dans un cadre idyllique o\u00f9 vous pourrez profiter des installations de tout le complexe : golf, le\u00e7ons, restaurant, h\u00e9bergement pour une journ\u00e9e, un week-end ou, qui sait, peut-\u00eatre plus&#8230;<\/em><\/h3>\n<p>[\/et_pb_text][et_pb_text _builder_version=\u00a0\u00bb4.16&Prime; _module_preset=\u00a0\u00bbdefault\u00a0\u00bb text_font=\u00a0\u00bbABeeZee||||||||\u00a0\u00bb custom_margin=\u00a0\u00bb-18px||||false|false\u00a0\u00bb custom_padding=\u00a0\u00bb0px||||false|false\u00a0\u00bb global_colors_info=\u00a0\u00bb{}\u00a0\u00bb]<\/p>\n<h3 style=\"text-align: center;\"><em>Le partenariat du Golf\u00a0 d&rsquo;Eauze d&rsquo;Armagnac et l&rsquo;h\u00f4tel Les Lodges d&rsquo;Eauze vous offre la possibilit\u00e9 de passer un s\u00e9jour golfique en toute s\u00e9r\u00e9nit\u00e9. En Individuelle ou en groupe plusieurs offres sont concoct\u00e9es pour r\u00e9pondre \u00e0 vos besoins.\u00a0<\/em><\/h3>\n<p>[\/et_pb_text][\/et_pb_column][et_pb_column type=\u00a0\u00bb1_3&Prime; _builder_version=\u00a0\u00bb4.16&Prime; custom_padding=\u00a0\u00bb||||false|false\u00a0\u00bb global_colors_info=\u00a0\u00bb{}\u00a0\u00bb custom_padding__hover=\u00a0\u00bb|||\u00a0\u00bb][et_pb_image src=\u00a0\u00bbhttps:\/\/leslodgesdeauze.com\/wp-content\/uploads\/2022\/02\/depart-parcours-groupe-golf-scaled.jpg\u00a0\u00bb title_text=\u00a0\u00bbdepart parcours groupe golf\u00a0\u00bb align=\u00a0\u00bbcenter\u00a0\u00bb _builder_version=\u00a0\u00bb4.16&Prime; _module_preset=\u00a0\u00bbdefault\u00a0\u00bb width=\u00a0\u00bb76%\u00a0\u00bb max_width=\u00a0\u00bb81%\u00a0\u00bb module_alignment=\u00a0\u00bbcenter\u00a0\u00bb custom_margin=\u00a0\u00bb||||false|false\u00a0\u00bb custom_padding=\u00a0\u00bb|0px||0px|false|false\u00a0\u00bb global_colors_info=\u00a0\u00bb{}\u00a0\u00bb][\/et_pb_image][\/et_pb_column][\/et_pb_row][\/et_pb_section]<\/p>\n","protected":false},"excerpt":{"rendered":"<p>VOTRE SEJOUR \u00e0 800m du GOLF\u00a0Le Golf d&rsquo;Eauze, 18 trous, dessin\u00e9 par Jean Larrouy son cr\u00e9ateur, en pleine campagne du Gers, proche des Landes, est un parcours tr\u00e8s diversifi\u00e9, vallonn\u00e9 entre pins et ch\u00eanes, dans un cadre naturel somptueux avec vue sur la cha\u00eene des Pyr\u00e9n\u00e9es. C&rsquo;est un parcours qui allie plaisir, difficult\u00e9 et strat\u00e9gie [&hellip;]<\/p>\n","protected":false},"author":1,"featured_media":0,"parent":0,"menu_order":0,"comment_status":"closed","ping_status":"closed","template":"","meta":{"_et_pb_use_builder":"on","_et_pb_old_content":"<!-- wp:divi\/placeholder \/-->","_et_gb_content_width":"","footnotes":""},"class_list":["post-423","page","type-page","status-publish","hentry"],"yoast_head":"<!-- This site is optimized with the Yoast SEO plugin v24.9 - https:\/\/yoast.com\/wordpress\/plugins\/seo\/ -->\n<title>OFFRE PACKAGE GOLF -SEJOUR avec le golf de GUINLET<\/title>\n<meta name=\"description\" content=\"Alliez d\u00e9tente, sports et plaisir, r\u00e9servez vite vos s\u00e9jours! Plusieurs offre de package nuit\u00e9e + green fees.\" \/>\n<meta name=\"robots\" content=\"index, follow, max-snippet:-1, max-image-preview:large, max-video-preview:-1\" \/>\n<link rel=\"canonical\" href=\"https:\/\/leslodgesdeauze.com\/index.php\/offre-package-golf\/\" \/>\n<meta property=\"og:locale\" content=\"fr_FR\" \/>\n<meta property=\"og:type\" content=\"article\" \/>\n<meta property=\"og:title\" content=\"OFFRE PACKAGE GOLF -SEJOUR avec le golf de GUINLET\" \/>\n<meta property=\"og:description\" content=\"Alliez d\u00e9tente, sports et plaisir, r\u00e9servez vite vos s\u00e9jours! Plusieurs offre de package nuit\u00e9e + green fees.\" \/>\n<meta property=\"og:url\" content=\"https:\/\/leslodgesdeauze.com\/index.php\/offre-package-golf\/\" \/>\n<meta property=\"og:site_name\" content=\"HOTEL LES LODGES D&#039;EAUZE***\" \/>\n<meta property=\"article:modified_time\" content=\"2025-08-11T08:36:16+00:00\" \/>\n<meta name=\"twitter:card\" content=\"summary_large_image\" \/>\n<meta name=\"twitter:label1\" content=\"Dur\u00e9e de lecture estim\u00e9e\" \/>\n\t<meta name=\"twitter:data1\" content=\"3 minutes\" \/>\n<script type=\"application\/ld+json\" class=\"yoast-schema-graph\">{\"@context\":\"https:\/\/schema.org\",\"@graph\":[{\"@type\":\"WebPage\",\"@id\":\"https:\/\/leslodgesdeauze.com\/index.php\/offre-package-golf\/\",\"url\":\"https:\/\/leslodgesdeauze.com\/index.php\/offre-package-golf\/\",\"name\":\"OFFRE PACKAGE GOLF -SEJOUR avec le golf de GUINLET\",\"isPartOf\":{\"@id\":\"https:\/\/leslodgesdeauze.com\/#website\"},\"datePublished\":\"2022-01-04T20:24:13+00:00\",\"dateModified\":\"2025-08-11T08:36:16+00:00\",\"description\":\"Alliez d\u00e9tente, sports et plaisir, r\u00e9servez vite vos s\u00e9jours! Plusieurs offre de package nuit\u00e9e + green fees.\",\"breadcrumb\":{\"@id\":\"https:\/\/leslodgesdeauze.com\/index.php\/offre-package-golf\/#breadcrumb\"},\"inLanguage\":\"fr-FR\",\"potentialAction\":[{\"@type\":\"ReadAction\",\"target\":[\"https:\/\/leslodgesdeauze.com\/index.php\/offre-package-golf\/\"]}]},{\"@type\":\"BreadcrumbList\",\"@id\":\"https:\/\/leslodgesdeauze.com\/index.php\/offre-package-golf\/#breadcrumb\",\"itemListElement\":[{\"@type\":\"ListItem\",\"position\":1,\"name\":\"Accueil\",\"item\":\"https:\/\/leslodgesdeauze.com\/\"},{\"@type\":\"ListItem\",\"position\":2,\"name\":\"OFFRE PACKAGE GOLF\"}]},{\"@type\":\"WebSite\",\"@id\":\"https:\/\/leslodgesdeauze.com\/#website\",\"url\":\"https:\/\/leslodgesdeauze.com\/\",\"name\":\"HOTEL LES LODGES D&#039;EAUZE***\",\"description\":\"Site internet LES LODGES D&#039;EAUZE\",\"potentialAction\":[{\"@type\":\"SearchAction\",\"target\":{\"@type\":\"EntryPoint\",\"urlTemplate\":\"https:\/\/leslodgesdeauze.com\/?s={search_term_string}\"},\"query-input\":{\"@type\":\"PropertyValueSpecification\",\"valueRequired\":true,\"valueName\":\"search_term_string\"}}],\"inLanguage\":\"fr-FR\"}]}<\/script>\n<!-- \/ Yoast SEO plugin. -->","yoast_head_json":{"title":"OFFRE PACKAGE GOLF -SEJOUR avec le golf de GUINLET","description":"Alliez d\u00e9tente, sports et plaisir, r\u00e9servez vite vos s\u00e9jours! Plusieurs offre de package nuit\u00e9e + green fees.","robots":{"index":"index","follow":"follow","max-snippet":"max-snippet:-1","max-image-preview":"max-image-preview:large","max-video-preview":"max-video-preview:-1"},"canonical":"https:\/\/leslodgesdeauze.com\/index.php\/offre-package-golf\/","og_locale":"fr_FR","og_type":"article","og_title":"OFFRE PACKAGE GOLF -SEJOUR avec le golf de GUINLET","og_description":"Alliez d\u00e9tente, sports et plaisir, r\u00e9servez vite vos s\u00e9jours! Plusieurs offre de package nuit\u00e9e + green fees.","og_url":"https:\/\/leslodgesdeauze.com\/index.php\/offre-package-golf\/","og_site_name":"HOTEL LES LODGES D&#039;EAUZE***","article_modified_time":"2025-08-11T08:36:16+00:00","twitter_card":"summary_large_image","twitter_misc":{"Dur\u00e9e de lecture estim\u00e9e":"3 minutes"},"schema":{"@context":"https:\/\/schema.org","@graph":[{"@type":"WebPage","@id":"https:\/\/leslodgesdeauze.com\/index.php\/offre-package-golf\/","url":"https:\/\/leslodgesdeauze.com\/index.php\/offre-package-golf\/","name":"OFFRE PACKAGE GOLF -SEJOUR avec le golf de GUINLET","isPartOf":{"@id":"https:\/\/leslodgesdeauze.com\/#website"},"datePublished":"2022-01-04T20:24:13+00:00","dateModified":"2025-08-11T08:36:16+00:00","description":"Alliez d\u00e9tente, sports et plaisir, r\u00e9servez vite vos s\u00e9jours! Plusieurs offre de package nuit\u00e9e + green fees.","breadcrumb":{"@id":"https:\/\/leslodgesdeauze.com\/index.php\/offre-package-golf\/#breadcrumb"},"inLanguage":"fr-FR","potentialAction":[{"@type":"ReadAction","target":["https:\/\/leslodgesdeauze.com\/index.php\/offre-package-golf\/"]}]},{"@type":"BreadcrumbList","@id":"https:\/\/leslodgesdeauze.com\/index.php\/offre-package-golf\/#breadcrumb","itemListElement":[{"@type":"ListItem","position":1,"name":"Accueil","item":"https:\/\/leslodgesdeauze.com\/"},{"@type":"ListItem","position":2,"name":"OFFRE PACKAGE GOLF"}]},{"@type":"WebSite","@id":"https:\/\/leslodgesdeauze.com\/#website","url":"https:\/\/leslodgesdeauze.com\/","name":"HOTEL LES LODGES D&#039;EAUZE***","description":"Site internet LES LODGES D&#039;EAUZE","potentialAction":[{"@type":"SearchAction","target":{"@type":"EntryPoint","urlTemplate":"https:\/\/leslodgesdeauze.com\/?s={search_term_string}"},"query-input":{"@type":"PropertyValueSpecification","valueRequired":true,"valueName":"search_term_string"}}],"inLanguage":"fr-FR"}]}},"_links":{"self":[{"href":"https:\/\/leslodgesdeauze.com\/index.php\/wp-json\/wp\/v2\/pages\/423","targetHints":{"allow":["GET"]}}],"collection":[{"href":"https:\/\/leslodgesdeauze.com\/index.php\/wp-json\/wp\/v2\/pages"}],"about":[{"href":"https:\/\/leslodgesdeauze.com\/index.php\/wp-json\/wp\/v2\/types\/page"}],"author":[{"embeddable":true,"href":"https:\/\/leslodgesdeauze.com\/index.php\/wp-json\/wp\/v2\/users\/1"}],"replies":[{"embeddable":true,"href":"https:\/\/leslodgesdeauze.com\/index.php\/wp-json\/wp\/v2\/comments?post=423"}],"version-history":[{"count":35,"href":"https:\/\/leslodgesdeauze.com\/index.php\/wp-json\/wp\/v2\/pages\/423\/revisions"}],"predecessor-version":[{"id":1391,"href":"https:\/\/leslodgesdeauze.com\/index.php\/wp-json\/wp\/v2\/pages\/423\/revisions\/1391"}],"wp:attachment":[{"href":"https:\/\/leslodgesdeauze.com\/index.php\/wp-json\/wp\/v2\/media?parent=423"}],"curies":[{"name":"wp","href":"https:\/\/api.w.org\/{rel}","templated":true}]}}